{"id":2,"date":"2019-03-20T13:28:46","date_gmt":"2019-03-20T12:28:46","guid":{"rendered":"https:\/\/inneremedizin-fachuebergreifend.de\/hamburg\/?page_id=2"},"modified":"2026-02-27T12:14:49","modified_gmt":"2026-02-27T11:14:49","slug":"beispiel-seite","status":"publish","type":"page","link":"https:\/\/inneremedizin-fachuebergreifend.de\/frankfurt\/","title":{"rendered":"Startseite"},"content":{"rendered":"<p>[vc_row][vc_column][vc_empty_space height=&#8220;1.5em&#8220;][vc_empty_space height=&#8220;16px&#8220;][vc_column_text]Sehr geehrte liebe Kolleginnen und Kollegen,<\/p>\n<p>wir freuen uns sehr, <span style=\"color: #f29400;\"><strong>Sie und Ihr Praxis-Team<\/strong><\/span> zu unserem traditionellen gro\u00dfen Fortbildungskongress <span style=\"color: #f29400;\"><strong>Innere Medizin fach\u00fcbergreifend \u2013 Diabetologie grenzenlos <\/strong><\/span>am 11. und 12. September 2026 in Frankfurt herzlichst einzuladen!<\/p>\n<p>Die fr\u00fchzeitige Diagnostik und optimale Behandlung des Diabetes mellitus steht mehr denn je im Fokus des medizinischen Fortschritts! Sowohl f\u00fcr die fr\u00fchzeitige Erkennung und Behandlung des Typ 1 Diabetes als auch Typ 2 Diabetes mellitus haben wir in den letzten Jahren richtungsweisende neue M\u00f6glichkeiten zur Verf\u00fcgung, die nicht nur die Lebensqualit\u00e4t der betroffenen Menschen durch die Reduktion von diabetesassoziierten Komplikationen gew\u00e4hrleisten, als insbesondere eine zielgerichtete, alle Risikofaktoren adressierende Behandlung m\u00f6glich machen. Von gr\u00f6\u00dfter Bedeutung ist, dass eine effektive, patientenorientierte Behandlung nur in einem interdisziplin\u00e4ren Konzept zu verwirklichen ist. So ist ausgehend vom Kristallisationspunkt \u201eDiabetes mellitus\u201c zu bedenken, dass zahlreiche Schnittstellen zu anderen Schwerpunkten der Inneren Medizin sowie vielen weiteren Gebieten der Medizin durch ausgewiesene Expertinnen und Experten adressiert werden, basierend auf den neuesten klinischen und wissenschaftlich relevanten Daten.<\/p>\n<p>Mit Blick auf die stetig steigende Pr\u00e4valenz vor allem des Typ 2 Diabetes mellitus (mit mehr als 8,9 Mio. Menschen aufgrund des aktuellen Gesundheitsberichtes der Deutschen Diabetesgesellschaft) ist die fr\u00fchzeitige Diagnostik, m\u00f6glichst pr\u00e4ventive Strategie und optimale Therapie unerl\u00e4sslich. Im Rahmen unseres gro\u00dfen Fortbildungskongresses werden wir diese Thematik in zahlreichen interdisziplin\u00e4ren Symposien adressieren und am 11. und 12. September 2026 mit Ihnen die Fortschritte der Diagnostik und Therapie und deren Umsetzung in der t\u00e4glichen klinischen Praxis intensiv diskutieren. Schwerpunktthemen unseres Kongresses 2026 werden die aktuelle leitliniengerechte Behandlungsstrategie des Typ 1 und Typ 2 Diabetes mellitus sein, die Fortschritte der Diabetes-Technologie (k\u00fcnstliche Intelligenz \/ personalisierte Behandlung) ebenso wie die multifaktoriellen innovativen Behandlungsans\u00e4tze bei Typ 2 Diabetes mellitus in einem Update 2026. Dar\u00fcber hinaus werden die besonderen Therapieans\u00e4tze des Diabetes mellitus in verschiedenen Lebensaltersstufen, bei Fettstoffwechselerkrankungen und arterieller Hypertonie sowie assoziierten anderen endokrinologischen oder Autoimmunerkrankungen detailliert behandelt.<\/p>\n<p>Die wichtige Thematik der Mundgesundheit bei Diabetes mellitus ist ebenso ein wichtiges Thema des Kongresses wie die Behandlungsstrategien bei diabetischem Fu\u00dfsyndrom, die Therapie von Hochrisiko-Patienten mit Diabetes mellitus in Notfallsituationen, die mikro- und makrovaskul\u00e4ren diabetesassoziierten Folgeerkrankungen und die besondere Fragestellung, ob Patienten mit Diabetes mellitus mehr gef\u00e4hrdet sind mit Blick auf ihre Knochengesundheit. Psychische Auswirkungen des Diabetes mellitus, soziale Themen bei Diabetes mellitus erscheinen mindestens so wichtig wie vor allem auch gendermedizinische Aspekte bei Adipositas, Diabetes mellitus und kardiovaskul\u00e4ren Erkrankungen. Ein interdisziplin\u00e4res Gesundheitsmanagement von Menschen mit Diabetes mellitus in der Inneren Medizin und dar\u00fcber hinaus ist Voraussetzung f\u00fcr eine optimale Behandlung und Vermeidung von Komplikationen bei Erhaltung einer bestm\u00f6glichen Lebensqualit\u00e4t der betroffenen Menschen mit Diabetes mellitus.<\/p>\n<p>Wir hoffen, dass Sie gro\u00dfes Interesse an unserem interdisziplin\u00e4ren Fortbildungskongress am 11. und 12. September 2026 in Frankfurt haben werden und freuen uns schon heute auf die Diskussion der so wichtigen klinischen Themen mit Ihnen und den Austausch unserer gemeinsamen Erfahrung.<\/p>\n<p>Mit herzlichen kollegialen Gr\u00fc\u00dfen<\/p>\n<p>Ihre<\/p>\n<p><strong>Prof. Dr. med. P.-M. Schumm-Draeger<\/strong><br \/>\n\u00c4rztliche Direktorin Zentrum \/ Innere Medizin \/ F\u00fcnf H\u00f6fe\u00a0 (M\u00fcnchen)<br \/>\nPast Pr\u00e4sidentin Deutsche Gesellschaft Innere Medizin (DGIM) + European Federation of Internal Medicine (EFIM)<\/p>\n<p><strong>Prof. Dr. med. D. M\u00fcller-Wieland<\/strong><br \/>\nMedizinische Klinik I des Universit\u00e4tsklinikums Aachen<br \/>\nEhem. Pr\u00e4sident der Deutschen Diabetes Gesellschaft[\/vc_column_text][vc_empty_space height=&#8220;16px&#8220;][\/vc_column][\/vc_row][vc_row disable_element=&#8220;yes&#8220;][vc_column][vc_empty_space height=&#8220;1.5em&#8220;][vc_empty_space height=&#8220;16px&#8220;][vc_column_text]<\/p>\n<h3>N\u00e4here Informationen folgen im Fr\u00fchjahr 2026.<\/h3>\n<p>[\/vc_column_text][vc_empty_space height=&#8220;16px&#8220;][vc_empty_space height=&#8220;64&#8243;][\/vc_column][\/vc_row]<\/p>\n","protected":false},"excerpt":{"rendered":"<p>[vc_row][vc_column][vc_empty_space height=&#8220;1.5em&#8220;][vc_empty_space height=&#8220;16px&#8220;][vc_column_text]Sehr geehrte liebe Kolleginnen und Kollegen, wir freuen uns sehr, Sie und Ihr Praxis-Team zu unserem traditionellen gro\u00dfen Fortbildungskongress Innere Medizin fach\u00fcbergreifend \u2013&hellip;<\/p>\n<p><a href=\"https:\/\/inneremedizin-fachuebergreifend.de\/frankfurt\/\" class=\"read-more-link\"><span class=\"read-more-icon\"><\/span>Read more<\/a><\/p>\n","protected":false},"author":1,"featured_media":693,"parent":0,"menu_order":0,"comment_status":"closed","ping_status":"closed","template":"","meta":{"footnotes":""},"class_list":["post-2","page","type-page","status-publish","has-post-thumbnail","hentry"],"_links":{"self":[{"href":"https:\/\/inneremedizin-fachuebergreifend.de\/frankfurt\/wp-json\/wp\/v2\/pages\/2","targetHints":{"allow":["GET"]}}],"collection":[{"href":"https:\/\/inneremedizin-fachuebergreifend.de\/frankfurt\/wp-json\/wp\/v2\/pages"}],"about":[{"href":"https:\/\/inneremedizin-fachuebergreifend.de\/frankfurt\/wp-json\/wp\/v2\/types\/page"}],"author":[{"embeddable":true,"href":"https:\/\/inneremedizin-fachuebergreifend.de\/frankfurt\/wp-json\/wp\/v2\/users\/1"}],"replies":[{"embeddable":true,"href":"https:\/\/inneremedizin-fachuebergreifend.de\/frankfurt\/wp-json\/wp\/v2\/comments?post=2"}],"version-history":[{"count":87,"href":"https:\/\/inneremedizin-fachuebergreifend.de\/frankfurt\/wp-json\/wp\/v2\/pages\/2\/revisions"}],"predecessor-version":[{"id":2701,"href":"https:\/\/inneremedizin-fachuebergreifend.de\/frankfurt\/wp-json\/wp\/v2\/pages\/2\/revisions\/2701"}],"wp:featuredmedia":[{"embeddable":true,"href":"https:\/\/inneremedizin-fachuebergreifend.de\/frankfurt\/wp-json\/wp\/v2\/media\/693"}],"wp:attachment":[{"href":"https:\/\/inneremedizin-fachuebergreifend.de\/frankfurt\/wp-json\/wp\/v2\/media?parent=2"}],"curies":[{"name":"wp","href":"https:\/\/api.w.org\/{rel}","templated":true}]}}