{"id":612,"date":"2019-04-04T17:11:31","date_gmt":"2019-04-04T15:11:31","guid":{"rendered":"https:\/\/inneremedizin-fachuebergreifend.de\/hamburg\/?page_id=612"},"modified":"2025-03-24T10:35:11","modified_gmt":"2025-03-24T09:35:11","slug":"wissenschaftliche-leitung","status":"publish","type":"page","link":"https:\/\/inneremedizin-fachuebergreifend.de\/frankfurt\/wissenschaftliche-leitung\/","title":{"rendered":"Wissen&shy;schaft&shy;liche Leitung"},"content":{"rendered":"<p>[vc_row][vc_column width=&#8220;1\/2&#8243;][vc_empty_space height=&#8220;20px&#8220;][vc_custom_heading text=&#8220;Prof. Dr. med. Petra-Maria Schumm-Draeger&#8220; text_additional=&#8220;M\u00fcnchen&#8220;][vc_column_text]<\/p>\n<ul>\n<li>\u00c4rztliche Direktorin Zentrum Innere Medizin F\u00fcnf H\u00f6fe M\u00fcnchen<\/li>\n<li>Past Pr\u00e4sidentin Deutsche Gesellschaft Innere Medizin (DGIM) +<\/li>\n<li>European Federation of Internal Medicine<\/li>\n<\/ul>\n<p><em>Zentrum \/ Innere Medizin \/ F\u00fcnf H\u00f6fe<br \/>\n<\/em><em>Theatiner Str. 15<br \/>\n<\/em><em>80333 M\u00fcnchen <\/em>[\/vc_column_text][\/vc_column][vc_column width=&#8220;1\/2&#8243;][vc_column_text][\/vc_column_text][vc_single_image image=&#8220;693&#8243;][\/vc_column][\/vc_row][vc_row][vc_column width=&#8220;1\/2&#8243;][vc_empty_space height=&#8220;20px&#8220;][vc_custom_heading text=&#8220;Prof. Dr. med. Dirk M\u00fcller-Wieland&#8220; text_additional=&#8220;Aachen&#8220;][vc_column_text]<\/p>\n<ul>\n<li>Medizinische Klinik I am Universit\u00e4tsklinikum Aachen<\/li>\n<\/ul>\n<p>Universit\u00e4tsklinikum Aachen<br \/>\nPauwelsstr. 30<br \/>\n52074 Aachen[\/vc_column_text][\/vc_column][vc_column width=&#8220;1\/2&#8243;][vc_column_text][\/vc_column_text][vc_single_image image=&#8220;1480&#8243;][\/vc_column][\/vc_row]<\/p>\n","protected":false},"excerpt":{"rendered":"<p>[vc_row][vc_column width=&#8220;1\/2&#8243;][vc_empty_space height=&#8220;20px&#8220;][vc_custom_heading text=&#8220;Prof. Dr. med. Petra-Maria Schumm-Draeger&#8220; text_additional=&#8220;M\u00fcnchen&#8220;][vc_column_text] \u00c4rztliche Direktorin Zentrum Innere Medizin F\u00fcnf H\u00f6fe M\u00fcnchen Past Pr\u00e4sidentin Deutsche Gesellschaft Innere Medizin (DGIM) +&hellip;<\/p>\n<p><a href=\"https:\/\/inneremedizin-fachuebergreifend.de\/frankfurt\/wissenschaftliche-leitung\/\" class=\"read-more-link\"><span class=\"read-more-icon\"><\/span>Read more<\/a><\/p>\n","protected":false},"author":1,"featured_media":0,"parent":0,"menu_order":0,"comment_status":"closed","ping_status":"closed","template":"","meta":{"footnotes":""},"class_list":["post-612","page","type-page","status-publish","hentry"],"_links":{"self":[{"href":"https:\/\/inneremedizin-fachuebergreifend.de\/frankfurt\/wp-json\/wp\/v2\/pages\/612","targetHints":{"allow":["GET"]}}],"collection":[{"href":"https:\/\/inneremedizin-fachuebergreifend.de\/frankfurt\/wp-json\/wp\/v2\/pages"}],"about":[{"href":"https:\/\/inneremedizin-fachuebergreifend.de\/frankfurt\/wp-json\/wp\/v2\/types\/page"}],"author":[{"embeddable":true,"href":"https:\/\/inneremedizin-fachuebergreifend.de\/frankfurt\/wp-json\/wp\/v2\/users\/1"}],"replies":[{"embeddable":true,"href":"https:\/\/inneremedizin-fachuebergreifend.de\/frankfurt\/wp-json\/wp\/v2\/comments?post=612"}],"version-history":[{"count":24,"href":"https:\/\/inneremedizin-fachuebergreifend.de\/frankfurt\/wp-json\/wp\/v2\/pages\/612\/revisions"}],"predecessor-version":[{"id":2455,"href":"https:\/\/inneremedizin-fachuebergreifend.de\/frankfurt\/wp-json\/wp\/v2\/pages\/612\/revisions\/2455"}],"wp:attachment":[{"href":"https:\/\/inneremedizin-fachuebergreifend.de\/frankfurt\/wp-json\/wp\/v2\/media?parent=612"}],"curies":[{"name":"wp","href":"https:\/\/api.w.org\/{rel}","templated":true}]}}