{"id":634,"date":"2019-04-04T17:24:44","date_gmt":"2019-04-04T15:24:44","guid":{"rendered":"https:\/\/inneremedizin-fachuebergreifend.de\/hamburg\/?page_id=634"},"modified":"2026-01-19T10:33:00","modified_gmt":"2026-01-19T09:33:00","slug":"zertifizierung","status":"publish","type":"page","link":"https:\/\/inneremedizin-fachuebergreifend.de\/frankfurt\/zertifizierung\/","title":{"rendered":"Zertifizierung"},"content":{"rendered":"<p>[vc_row disable_element=&#8220;yes&#8220;][vc_column][vc_empty_space][vc_column_text]Der Kongress wird zur Anerkennung bei der zust\u00e4ndigen \u00c4rztekammer und Berufsverb\u00e4nden eingereicht.<\/p>\n<p>[\/vc_column_text][vc_empty_space][vc_separator border_width=&#8220;3&#8243;][vc_empty_space][vc_empty_space][vc_empty_space][\/vc_column][\/vc_row][vc_row][vc_column width=&#8220;1\/2&#8243;][vc_column_text]<\/p>\n<h2>F\u00fcr \u00c4rzte:<\/h2>\n<section class=\"col-sm-12\">\n<div class=\"region region-content\">\n<section id=\"block-system-main\" class=\"block block-system clearfix\">\n<article id=\"node-15\" class=\"node node-article node-promoted clearfix\">\n<div class=\"field field-name-body field-type-text-with-summary field-label-hidden\">\n<div class=\"field-items\">\n<div class=\"field-item even\">\n<p><strong><u>CME-Fortbildungspunkte<\/u><\/strong><\/p>\n<ul>\n<li>Die Veranstaltung wird bei der \u00c4rztekammer eingereicht<br \/>\nIn 2025 wurde sie mit 12 CME-Punkten zertifiziert.<\/li>\n<li>Die anwesenden \u00c4rztinnen und \u00c4rzte erhalten die Teilnahmebescheinigung im Nachgang per E-Mail.<\/li>\n<\/ul>\n<p><strong><u>DMP-Anerkennung<\/u><\/strong><\/p>\n<ul>\n<li>Die Fortbildung kann bei der zust\u00e4ndigen Kassen\u00e4rztlichen Vereinigung f\u00fcr das DMP Diabetes Mellitus eingereicht werden.<\/li>\n<\/ul>\n<\/div>\n<\/div>\n<\/div>\n<\/article>\n<\/section>\n<\/div>\n<\/section>\n<p>&nbsp;<\/p>\n<div class=\"field-items\">\n<div class=\"field-item even\">\n<p>&nbsp;<\/p>\n<\/div>\n<\/div>\n<p>[\/vc_column_text][\/vc_column][vc_column width=&#8220;1\/2&#8243;][vc_custom_heading text=&#8220;&#8220; uppercase=&#8220;yes&#8220;][vc_column_text]<\/p>\n<h2>F\u00fcr medizinische Fachangestellte:<\/h2>\n<p><u><strong>Registrierung beruflich Pflegender<\/strong><\/u><\/p>\n<p>Die Fortbildung wird eingereicht. Sie wurde im vergangenen Jahr mit 10 Punkten anerkannt.<\/p>\n<p><a href=\"http:\/\/www.regbp.de\/\" target=\"_blank\" rel=\"noopener noreferrer\"><img loading=\"lazy\" decoding=\"async\" class=\"lazyload alignnone wp-image-953 size-full\" src=\"data:image\/gif;base64,R0lGODlhAQABAAAAACH5BAEKAAEALAAAAAABAAEAAAICTAEAOw==\" data-src=\"https:\/\/inneremedizin-fachuebergreifend.de\/frankfurt\/wp-content\/uploads\/2019\/05\/6_RbP_Logo_neu_250x122.jpg\" alt=\"\" width=\"250\" height=\"122\" \/><\/a><\/p>\n<p><u><strong>Deutsche Gesellschaft f\u00fcr Wundheilung und Wundbehandlung e. V.<\/strong><\/u><\/p>\n<p>Die Fortbildung wird eingereicht. Sie wurde im vergangenen Jahr mit 10 Punkten anerkannt.<\/p>\n<p><u><strong><a href=\"http:\/\/www.dgfw.de\" target=\"_blank\" rel=\"noopener noreferrer\"><img loading=\"lazy\" decoding=\"async\" class=\"lazyload alignnone wp-image-958\" src=\"data:image\/gif;base64,R0lGODlhAQABAAAAACH5BAEKAAEALAAAAAABAAEAAAICTAEAOw==\" data-src=\"https:\/\/inneremedizin-fachuebergreifend.de\/frankfurt\/wp-content\/uploads\/2019\/05\/DGfW-Logo_250x123px.jpg\" alt=\"\" width=\"240\" height=\"118\" \/><\/a><\/strong><\/u><\/p>\n<p>&nbsp;<\/p>\n<p><u><strong>Verband der Diabetes-Beratungs- und Schulungsberufe in Deutschland e.V.<\/strong><\/u><\/p>\n<p>Die Fortbildung wird eingereicht. Sie wurde im vergangenen Jahr mit 12 Punkten (6 pro Tag) anerkannt.<\/p>\n<p><a href=\"http:\/\/www.vdbd.de\/\" target=\"_blank\" rel=\"noopener noreferrer\"><img loading=\"lazy\" decoding=\"async\" class=\"lazyload abstand-1 alignnone wp-image-729 size-full\" src=\"data:image\/gif;base64,R0lGODlhAQABAAAAACH5BAEKAAEALAAAAAABAAEAAAICTAEAOw==\" data-src=\"https:\/\/inneremedizin-fachuebergreifend.de\/frankfurt\/wp-content\/uploads\/2019\/04\/VDBD_Logo_170.gif\" alt=\"\" width=\"170\" height=\"63\" \/><\/a>[\/vc_column_text][\/vc_column][\/vc_row][vc_row disable_element=&#8220;yes&#8220;][vc_column width=&#8220;1\/2&#8243;][vc_column_text]<\/p>\n<h2>F\u00fcr \u00c4rzte:<\/h2>\n<section class=\"col-sm-12\">\n<div class=\"region region-content\">\n<section id=\"block-system-main\" class=\"block block-system clearfix\">\n<article id=\"node-15\" class=\"node node-article node-promoted clearfix\">\n<div class=\"field field-name-body field-type-text-with-summary field-label-hidden\">\n<div class=\"field-items\">\n<div class=\"field-item even\">\n<p><strong><u>CME-Fortbildungspunkte<\/u><\/strong><\/p>\n<ul>\n<li>Die Veranstaltung wurde von der Landes\u00e4rztekammer Hessen mit 12 CME-Punkten zertifiziert.<\/li>\n<li>Die anwesenden \u00c4rztinnen und \u00c4rzte erhalten die Teilnahmebescheinigung im Nachgang per E-Mail.<\/li>\n<\/ul>\n<p><strong><u>DMP-Anerkennung<\/u><\/strong><\/p>\n<ul>\n<li>Die Fortbildung kann bei der zust\u00e4ndigen Kassen\u00e4rztlichen Vereinigung f\u00fcr das DMP Diabetes Mellitus eingereicht werden.<\/li>\n<\/ul>\n<\/div>\n<\/div>\n<\/div>\n<\/article>\n<\/section>\n<\/div>\n<\/section>\n<p>&nbsp;<\/p>\n<div class=\"field-items\">\n<div class=\"field-item even\">\n<p>&nbsp;<\/p>\n<p>&nbsp;<\/p>\n<\/div>\n<\/div>\n<section class=\"col-sm-12\">\n<div class=\"region region-content\"><\/div>\n<\/section>\n<p>[\/vc_column_text][\/vc_column][vc_column width=&#8220;1\/2&#8243;][vc_custom_heading text=&#8220;&#8220; uppercase=&#8220;yes&#8220;][vc_column_text]<\/p>\n<h2>F\u00fcr medizinische Fachangestellte:<\/h2>\n<p><u><strong>Registrierung beruflich Pflegender<\/strong><\/u><\/p>\n<p>Die Fortbildlung wurde mit 10 Punkten anerkannt.<\/p>\n<p><a href=\"http:\/\/www.regbp.de\/\" target=\"_blank\" rel=\"noopener noreferrer\"><img loading=\"lazy\" decoding=\"async\" class=\"lazyload alignnone wp-image-953 size-full\" src=\"data:image\/gif;base64,R0lGODlhAQABAAAAACH5BAEKAAEALAAAAAABAAEAAAICTAEAOw==\" data-src=\"https:\/\/inneremedizin-fachuebergreifend.de\/frankfurt\/wp-content\/uploads\/2019\/05\/6_RbP_Logo_neu_250x122.jpg\" alt=\"\" width=\"250\" height=\"122\" \/><\/a><\/p>\n<p><u><strong>Deutsche Gesellschaft f\u00fcr Wundheilung und Wundbehandlung e. V.<\/strong><\/u><\/p>\n<p>Die Veranstaltung wurde bei der DGfW eingereicht.<\/p>\n<p><u><strong><a href=\"http:\/\/www.dgfw.de\" target=\"_blank\" rel=\"noopener noreferrer\"><img loading=\"lazy\" decoding=\"async\" class=\"lazyload alignnone wp-image-958\" src=\"data:image\/gif;base64,R0lGODlhAQABAAAAACH5BAEKAAEALAAAAAABAAEAAAICTAEAOw==\" data-src=\"https:\/\/inneremedizin-fachuebergreifend.de\/frankfurt\/wp-content\/uploads\/2019\/05\/DGfW-Logo_250x123px.jpg\" alt=\"\" width=\"240\" height=\"118\" \/><\/a><\/strong><\/u><\/p>\n<p>&nbsp;<\/p>\n<p><u><strong>Verband der Diabetes-Beratungs- und Schulungsberufe in Deutschland e.V.<\/strong><\/u><\/p>\n<p>Die Fortbildung wurde mit 12 Punkten (6 pro Tag) anerkannt.<\/p>\n<p><a href=\"http:\/\/www.vdbd.de\/\" target=\"_blank\" rel=\"noopener noreferrer\"><img loading=\"lazy\" decoding=\"async\" class=\"lazyload abstand-1 alignnone wp-image-729 size-full\" src=\"data:image\/gif;base64,R0lGODlhAQABAAAAACH5BAEKAAEALAAAAAABAAEAAAICTAEAOw==\" data-src=\"https:\/\/inneremedizin-fachuebergreifend.de\/frankfurt\/wp-content\/uploads\/2019\/04\/VDBD_Logo_170.gif\" alt=\"\" width=\"170\" height=\"63\" \/><\/a>[\/vc_column_text][\/vc_column][\/vc_row]<\/p>\n","protected":false},"excerpt":{"rendered":"<p>[vc_row disable_element=&#8220;yes&#8220;][vc_column][vc_empty_space][vc_column_text]Der Kongress wird zur Anerkennung bei der zust\u00e4ndigen \u00c4rztekammer und Berufsverb\u00e4nden eingereicht. [\/vc_column_text][vc_empty_space][vc_separator border_width=&#8220;3&#8243;][vc_empty_space][vc_empty_space][vc_empty_space][\/vc_column][\/vc_row][vc_row][vc_column width=&#8220;1\/2&#8243;][vc_column_text] F\u00fcr \u00c4rzte: CME-Fortbildungspunkte Die Veranstaltung wird bei der \u00c4rztekammer&hellip;<\/p>\n<p><a href=\"https:\/\/inneremedizin-fachuebergreifend.de\/frankfurt\/zertifizierung\/\" class=\"read-more-link\"><span class=\"read-more-icon\"><\/span>Read more<\/a><\/p>\n","protected":false},"author":1,"featured_media":0,"parent":0,"menu_order":0,"comment_status":"closed","ping_status":"closed","template":"","meta":{"footnotes":""},"class_list":["post-634","page","type-page","status-publish","hentry"],"_links":{"self":[{"href":"https:\/\/inneremedizin-fachuebergreifend.de\/frankfurt\/wp-json\/wp\/v2\/pages\/634","targetHints":{"allow":["GET"]}}],"collection":[{"href":"https:\/\/inneremedizin-fachuebergreifend.de\/frankfurt\/wp-json\/wp\/v2\/pages"}],"about":[{"href":"https:\/\/inneremedizin-fachuebergreifend.de\/frankfurt\/wp-json\/wp\/v2\/types\/page"}],"author":[{"embeddable":true,"href":"https:\/\/inneremedizin-fachuebergreifend.de\/frankfurt\/wp-json\/wp\/v2\/users\/1"}],"replies":[{"embeddable":true,"href":"https:\/\/inneremedizin-fachuebergreifend.de\/frankfurt\/wp-json\/wp\/v2\/comments?post=634"}],"version-history":[{"count":62,"href":"https:\/\/inneremedizin-fachuebergreifend.de\/frankfurt\/wp-json\/wp\/v2\/pages\/634\/revisions"}],"predecessor-version":[{"id":2674,"href":"https:\/\/inneremedizin-fachuebergreifend.de\/frankfurt\/wp-json\/wp\/v2\/pages\/634\/revisions\/2674"}],"wp:attachment":[{"href":"https:\/\/inneremedizin-fachuebergreifend.de\/frankfurt\/wp-json\/wp\/v2\/media?parent=634"}],"curies":[{"name":"wp","href":"https:\/\/api.w.org\/{rel}","templated":true}]}}