{"id":636,"date":"2019-04-04T17:24:57","date_gmt":"2019-04-04T15:24:57","guid":{"rendered":"https:\/\/inneremedizin-fachuebergreifend.de\/hamburg\/?page_id=636"},"modified":"2026-03-12T09:12:53","modified_gmt":"2026-03-12T08:12:53","slug":"anmeldung","status":"publish","type":"page","link":"https:\/\/inneremedizin-fachuebergreifend.de\/frankfurt\/anmeldung\/","title":{"rendered":"Anmeldung &#8211; Frankfurt"},"content":{"rendered":"<p>[vc_row][vc_column][vc_empty_space height=&#8220;64px&#8220;][vc_column_text]<\/p>\n<h2>Kongressgeb\u00fchren<\/h2>\n<p>[\/vc_column_text][\/vc_column][\/vc_row][vc_row][vc_column width=&#8220;1\/2&#8243;][vc_empty_space height=&#8220;64px&#8220;][vc_btn title=&#8220;zur Anmeldung&#8220; color=&#8220;om-accent-color-2&#8243; size=&#8220;xlg&#8220; link=&#8220;url:https%3A%2F%2Fpretix.eu%2Fdiaplan%2F26imf2%2F||target:%20_blank|&#8220;][\/vc_column][vc_column width=&#8220;1\/2&#8243;][\/vc_column][\/vc_row][vc_row][vc_column][vc_empty_space height=&#8220;64px&#8220;][vc_column_text]<\/p>\n<h2>Kongressgeb\u00fchren<\/h2>\n<p>Die Teilnahme am Kongress ist bei Anmeldung bis zum 31.07.2026 geb\u00fchrenfrei.<\/p>\n<p>Ab dem 01.08.2026 erheben wir eine Geb\u00fchr.<\/p>\n<p>&nbsp;<\/p>\n<p><strong>Pr\u00e4senzveranstaltung<br \/>\n<\/strong><\/p>\n<p>150,00 \u20ac f\u00fcr \u00c4rztinnen und \u00c4rzte<br \/>\n80,00 \u20ac Tagesticket<\/p>\n<p>80,00 \u20ac f\u00fcr Diabetesassistent:in und -berater:in sowie MFA und MTA<br \/>\n50,00 \u20ac Tagesticket<\/p>\n<p>\u00c4rztinnen und \u00c4rzte in Weiterbildung sowie Studierende bleiben kostenfrei.<\/p>\n<p>Tickets sind ab sofort buchbar.[\/vc_column_text][\/vc_column][\/vc_row][vc_row][vc_column][vc_empty_space height=&#8220;64px&#8220;][vc_column_text]<\/p>\n<h4>Kostenfreie Anmeldungen<\/h4>\n<p>Eine kostenfreie Stornierung ist bis 14 Tage vor Veranstaltungsbeginn m\u00f6glich.<br \/>\nBei einer sp\u00e4teren Absage oder Nichterscheinen behalten wir uns vor, die entstandenen Kosten f\u00fcr die Verpflegung in H\u00f6he von 75,00 \u20ac pro Veranstaltungstag in Rechnung zu stellen.<\/p>\n<h4>Kostenpflichtige Anmeldungen<\/h4>\n<p>Bei einer Stornierung der Anmeldung gelten folgende Bedingungen:<br \/>\n\u2022 bis 30 Tage vor Veranstaltungsbeginn:<br \/>\nR\u00fcckerstattung der Teilnahmegeb\u00fchr abz\u00fcglich einer Bearbeitungsgeb\u00fchr von 20,00 \u20ac<br \/>\n\u2022 ab 29 Tage vor Veranstaltungsbeginn:<br \/>\nkeine R\u00fcckerstattung der Teilnahmegeb\u00fchr[\/vc_column_text][\/vc_column][\/vc_row]<\/p>\n","protected":false},"excerpt":{"rendered":"<p>[vc_row][vc_column][vc_empty_space height=&#8220;64px&#8220;][vc_column_text] Kongressgeb\u00fchren [\/vc_column_text][\/vc_column][\/vc_row][vc_row][vc_column width=&#8220;1\/2&#8243;][vc_empty_space height=&#8220;64px&#8220;][vc_btn title=&#8220;zur Anmeldung&#8220; color=&#8220;om-accent-color-2&#8243; size=&#8220;xlg&#8220; link=&#8220;url:https%3A%2F%2Fpretix.eu%2Fdiaplan%2F26imf2%2F||target:%20_blank|&#8220;][\/vc_column][vc_column width=&#8220;1\/2&#8243;][\/vc_column][\/vc_row][vc_row][vc_column][vc_empty_space height=&#8220;64px&#8220;][vc_column_text] Kongressgeb\u00fchren Die Teilnahme am Kongress ist bei Anmeldung bis zum 31.07.2026 geb\u00fchrenfrei.&hellip;<\/p>\n<p><a href=\"https:\/\/inneremedizin-fachuebergreifend.de\/frankfurt\/anmeldung\/\" class=\"read-more-link\"><span class=\"read-more-icon\"><\/span>Read more<\/a><\/p>\n","protected":false},"author":1,"featured_media":0,"parent":0,"menu_order":0,"comment_status":"closed","ping_status":"closed","template":"","meta":{"footnotes":""},"class_list":["post-636","page","type-page","status-publish","hentry"],"_links":{"self":[{"href":"https:\/\/inneremedizin-fachuebergreifend.de\/frankfurt\/wp-json\/wp\/v2\/pages\/636","targetHints":{"allow":["GET"]}}],"collection":[{"href":"https:\/\/inneremedizin-fachuebergreifend.de\/frankfurt\/wp-json\/wp\/v2\/pages"}],"about":[{"href":"https:\/\/inneremedizin-fachuebergreifend.de\/frankfurt\/wp-json\/wp\/v2\/types\/page"}],"author":[{"embeddable":true,"href":"https:\/\/inneremedizin-fachuebergreifend.de\/frankfurt\/wp-json\/wp\/v2\/users\/1"}],"replies":[{"embeddable":true,"href":"https:\/\/inneremedizin-fachuebergreifend.de\/frankfurt\/wp-json\/wp\/v2\/comments?post=636"}],"version-history":[{"count":54,"href":"https:\/\/inneremedizin-fachuebergreifend.de\/frankfurt\/wp-json\/wp\/v2\/pages\/636\/revisions"}],"predecessor-version":[{"id":2715,"href":"https:\/\/inneremedizin-fachuebergreifend.de\/frankfurt\/wp-json\/wp\/v2\/pages\/636\/revisions\/2715"}],"wp:attachment":[{"href":"https:\/\/inneremedizin-fachuebergreifend.de\/frankfurt\/wp-json\/wp\/v2\/media?parent=636"}],"curies":[{"name":"wp","href":"https:\/\/api.w.org\/{rel}","templated":true}]}}