{"id":2,"date":"2019-03-20T13:28:46","date_gmt":"2019-03-20T12:28:46","guid":{"rendered":"https:\/\/inneremedizin-fachuebergreifend.de\/muenchen\/?page_id=2"},"modified":"2026-03-19T08:25:19","modified_gmt":"2026-03-19T07:25:19","slug":"beispiel-seite","status":"publish","type":"page","link":"https:\/\/inneremedizin-fachuebergreifend.de\/muenchen\/","title":{"rendered":"Startseite"},"content":{"rendered":"<p>[vc_row disable_element=&#8220;yes&#8220;][vc_column][vc_column_text]Liebe Kolleginnen und Kollegen,<\/p>\n<p>zu unserer gro\u00dfen und traditionellen Fortbildungsveranstaltung, dem Kongress <strong><span style=\"color: #ff6600;\">Innere Medizin fach\u00fcbergreifend \u2013 Diabetologie grenzenlos<\/span><\/strong> am 6.und 7.2.2026 in M\u00fcnchen m\u00f6chten wir Sie sehr herzlich einladen!<\/p>\n<p>Das Konzept unserer Kongressveranstaltung ist vielen von Ihnen seit Jahren vertraut:<\/p>\n<p>Ausgehend vom Kristallisationspunkt Diabetologie greifen wir zahlreiche Schnittstellen zu anderen Schwerpunkten der Inneren Medizin sowie zu weiteren medizinischen Fachgebieten auf. Auf Basis neuester klinischer und wissenschaftlich relevanter Daten werden diese gemeinsam mit ausgewiesenen Expertinnen und Experten und im Dialog mit Ihnen diskutiert.<\/p>\n<p>Eine effektive, patientenorientierte Diagnostik und Therapie kann nur in einem interdisziplin\u00e4ren Konzept gelingen. Dar\u00fcber hinaus ist die fr\u00fchzeitige Erkennung sowohl des Typ-1- als auch des Typ-2-Diabetes mellitus \u2013 insbesondere vor dem Hintergrund der stetig steigenden Pr\u00e4valenz des Typ-2-Diabetes \u2013 entscheidend, um die Entwicklung diabetesassoziierter Folgeerkrankungen m\u00f6glichst zu verhindern.<\/p>\n<p>Die Schwerpunktthemen des Kongresses 2026 umfassen, \u00fcber die aktuellen leitliniengerechten Behandlungsstrategien des Typ-1- und Typ-2-Diabetes mellitus hinaus, erneut die enormen Fortschritte in der Diabetestechnologie sowie multifaktorielle und innovative Therapieans\u00e4tze insbesondere beim Typ-2-Diabetes mellitus.<\/p>\n<p>Zudem werden Screening, Immunintervention und Transition bei Menschen mit Typ-1-Diabetes mellitus in einem spannenden Update ausf\u00fchrlich beleuchtet. Weitere klinisch relevante Updates betreffen die Therapie von Fettstoffwechselerkrankungen, arterieller Hypertonie, Hyperurik\u00e4mie und Schlafapnoesyndrom sowie die diabetesassoziierten makro- und mikrovaskul\u00e4ren Folgeerkrankungen, die mit praxisnahen Empfehlungen f\u00fcr den klinischen Alltag vorgestellt werden.<\/p>\n<p>Ein besonderer Fokus liegt au\u00dferdem auf den psychischen Auswirkungen chronischer Erkrankungen wie Diabetes mellitus und deren Bedeutung im interdisziplin\u00e4ren Management. Ebenso werden die Schnittstellen des Diabetes mellitus zu anderen Fachgebieten, etwa zur Gyn\u00e4kologie, Neurologie und Urologie, thematisiert, ebenso wie der Einfluss von Umweltfaktoren auf Menschen mit Diabetes und die Erkrankung selbst.<\/p>\n<p>Spezielle Behandlungsstrategien im Kindes- und Jugendalter geh\u00f6ren ebenso zum Programm wie die Beratung bei sportlicher Aktivit\u00e4t und die Auseinandersetzung mit sozialen Fragestellungen, beispielsweise zur Fahrt\u00fcchtigkeit und zu beruflichen Herausforderungen bei Menschen mit Diabetes mellitus.<\/p>\n<p>Auch der Einfluss anderer endokrinologischer, metabolischer und rheumatologischer Erkrankungen auf den Diabetes wird diskutiert. Die Diagnostik und Therapie des MODY-Diabetes steht ebenfalls auf der Agenda.<\/p>\n<p>Wir hoffen sehr, dass unsere thematisch breit gef\u00e4cherte, interdisziplin\u00e4re Fortbildungsveranstaltung erneut auf Ihr gro\u00dfes Interesse st\u00f6\u00dft, und freuen uns, Sie in M\u00fcnchen begr\u00fc\u00dfen zu d\u00fcrfen, um gemeinsam die f\u00fcr unsere t\u00e4gliche klinische Praxis relevanten Themen zu diskutieren.<\/p>\n<p>Mit herzlichen kollegialen Gr\u00fc\u00dfen<\/p>\n<p>Ihre<\/p>\n<p><strong>Prof. Dr. med. P.-M. Schumm-Draeger<\/strong><\/p>\n<p>\u00c4rztliche Direktorin Zentrum Innere Medizin F\u00fcnf H\u00f6fe M\u00fcnchen<br \/>\nPast Pr\u00e4sidentin Deutsche Gesellschaft Innere Medizin (DGIM) +<br \/>\nEuropean Federation of Internal Medicine (EFIM)[\/vc_column_text][\/vc_column][\/vc_row][vc_row][vc_column][vc_column_text]<\/p>\n<h3>Details folgen im Sommer 2026.<\/h3>\n<p>[\/vc_column_text][\/vc_column][\/vc_row]<\/p>\n","protected":false},"excerpt":{"rendered":"<p>[vc_row disable_element=&#8220;yes&#8220;][vc_column][vc_column_text]Liebe Kolleginnen und Kollegen, zu unserer gro\u00dfen und traditionellen Fortbildungsveranstaltung, dem Kongress Innere Medizin fach\u00fcbergreifend \u2013 Diabetologie grenzenlos am 6.und 7.2.2026 in M\u00fcnchen m\u00f6chten&hellip;<\/p>\n<p><a href=\"https:\/\/inneremedizin-fachuebergreifend.de\/muenchen\/\" class=\"read-more-link\"><span class=\"read-more-icon\"><\/span>Read more<\/a><\/p>\n","protected":false},"author":1,"featured_media":693,"parent":0,"menu_order":0,"comment_status":"closed","ping_status":"closed","template":"","meta":{"footnotes":""},"class_list":["post-2","page","type-page","status-publish","has-post-thumbnail","hentry"],"_links":{"self":[{"href":"https:\/\/inneremedizin-fachuebergreifend.de\/muenchen\/wp-json\/wp\/v2\/pages\/2","targetHints":{"allow":["GET"]}}],"collection":[{"href":"https:\/\/inneremedizin-fachuebergreifend.de\/muenchen\/wp-json\/wp\/v2\/pages"}],"about":[{"href":"https:\/\/inneremedizin-fachuebergreifend.de\/muenchen\/wp-json\/wp\/v2\/types\/page"}],"author":[{"embeddable":true,"href":"https:\/\/inneremedizin-fachuebergreifend.de\/muenchen\/wp-json\/wp\/v2\/users\/1"}],"replies":[{"embeddable":true,"href":"https:\/\/inneremedizin-fachuebergreifend.de\/muenchen\/wp-json\/wp\/v2\/comments?post=2"}],"version-history":[{"count":81,"href":"https:\/\/inneremedizin-fachuebergreifend.de\/muenchen\/wp-json\/wp\/v2\/pages\/2\/revisions"}],"predecessor-version":[{"id":5067,"href":"https:\/\/inneremedizin-fachuebergreifend.de\/muenchen\/wp-json\/wp\/v2\/pages\/2\/revisions\/5067"}],"wp:featuredmedia":[{"embeddable":true,"href":"https:\/\/inneremedizin-fachuebergreifend.de\/muenchen\/wp-json\/wp\/v2\/media\/693"}],"wp:attachment":[{"href":"https:\/\/inneremedizin-fachuebergreifend.de\/muenchen\/wp-json\/wp\/v2\/media?parent=2"}],"curies":[{"name":"wp","href":"https:\/\/api.w.org\/{rel}","templated":true}]}}