{"id":2996,"date":"2022-01-21T08:10:11","date_gmt":"2022-01-21T07:10:11","guid":{"rendered":"https:\/\/inneremedizin-fachuebergreifend.de\/muenchen\/?page_id=2996"},"modified":"2026-03-19T08:39:59","modified_gmt":"2026-03-19T07:39:59","slug":"anmeldung","status":"publish","type":"page","link":"https:\/\/inneremedizin-fachuebergreifend.de\/muenchen\/anmeldung\/","title":{"rendered":"Anmeldung 2027"},"content":{"rendered":"<p>[vc_row][vc_column][vc_empty_space height=&#8220;24px&#8220;][vc_column_text]<\/p>\n<div class=\"wpb_text_column wpb_content_element \">\n<div class=\"wpb_wrapper\">\n<h2>Kongressgeb\u00fchren<\/h2>\n<\/div>\n<\/div>\n<p>[\/vc_column_text][vc_column_text]<\/p>\n<div class=\"wpb_text_column wpb_content_element \">\n<div class=\"wpb_wrapper\">\n<h2>Veranstaltungsort:<\/h2>\n<p>Holiday Inn Munich-City Centre<br \/>\nHochstr. 3<br \/>\n81669 M\u00fcnchen<\/p>\n<\/div>\n<\/div>\n<p>[\/vc_column_text][vc_empty_space height=&#8220;24px&#8220;][vc_separator][\/vc_column][\/vc_row][vc_row][vc_column width=&#8220;1\/2&#8243;][vc_empty_space][vc_column_text]<\/p>\n<div class=\"wpb_text_column wpb_content_element \">\n<h3 class=\"wpb_wrapper\">Fr\u00fchbucherrabatt bis 30.09.2026<\/h3>\n<h4 class=\"wpb_wrapper\">Die Tickets sind bis 30.09.2026<strong>\u00a0kostenfrei<\/strong>.<\/h4>\n<h4>Ab dem 01.10.2026 gelten nachstehende Preise.<\/h4>\n<\/div>\n<p>[\/vc_column_text][vc_empty_space][vc_separator][vc_empty_space][vc_column_text]<\/p>\n<div class=\"wpb_text_column wpb_content_element \">\n<div class=\"wpb_wrapper\">\n<h3>Geb\u00fchren ab dem 01.10.2026<\/h3>\n<h4>\u00c4rztinnen und \u00c4rzte:<\/h4>\n<p>Kongressticket 150,00 \u20ac<br \/>\nTagesticket\u00a0 \u00a0 \u00a0 \u00a0 \u00a080,00 \u20ac<\/p>\n<h4>Medizinisches Fachpersonal:<\/h4>\n<p>Kongressticket\u00a0 80,00 \u20ac<br \/>\nTagesticket\u00a0 \u00a0 \u00a0 \u00a0 50,00 \u20ac<\/p>\n<p>&nbsp;<\/p>\n<p>\u00c4rztinnen und \u00c4rzte in Weiterbildung,<br \/>\nsowie Studierende:\u00a0\u00a0\u00a0\u00a0\u00a0\u00a0\u00a0 kostenfrei<\/p>\n<\/div>\n<\/div>\n<p>[\/vc_column_text][vc_empty_space][\/vc_column][\/vc_row][vc_row][vc_column][vc_separator style=&#8220;dotted&#8220; border_width=&#8220;2&#8243;][vc_btn title=&#8220;Anmeldung&#8220; color=&#8220;om-accent-color-2&#8243; size=&#8220;xlg&#8220; align=&#8220;left&#8220; link=&#8220;url:https%3A%2F%2Fpretix.eu%2Fdiaplan%2F27imf01%2F||target:%20_blank|&#8220;][vc_separator style=&#8220;dotted&#8220; border_width=&#8220;2&#8243;][vc_empty_space][\/vc_column][\/vc_row][vc_row disable_element=&#8220;yes&#8220;][vc_column][vc_separator style=&#8220;dotted&#8220; border_width=&#8220;2&#8243;][vc_column_text]<\/p>\n<h3><span style=\"color: #ff6600;\">Die Anmeldem\u00f6glichkeit wird in K\u00fcrze freigeschaltet.<\/span><\/h3>\n<p>[\/vc_column_text][vc_separator style=&#8220;dotted&#8220; border_width=&#8220;2&#8243;][vc_empty_space][\/vc_column][\/vc_row][vc_row][vc_column][vc_empty_space][vc_column_text]<\/p>\n<section id=\"storno\" class=\"l-section wpb_row height_medium\">\n<div class=\"l-section-h i-cf\">\n<div class=\"g-cols vc_row via_flex valign_top type_default stacking_default\">\n<div class=\"vc_col-sm-12 wpb_column vc_column_container\">\n<div class=\"vc_column-inner\">\n<div class=\"wpb_wrapper\">\n<div class=\"w-separator size_medium with_line width_default thick_1 style_solid color_border align_center\">\n<div class=\"w-separator-h\"><\/div>\n<\/div>\n<div class=\"wpb_text_column\">\n<div class=\"wpb_wrapper\">\n<h2>Stornobedingungen<\/h2>\n<p>F\u00fcr kostenfreie Anmeldungen gilt: bis 14 Tage vor Veranstaltungsbeginn ist eine kostenfreie Stornierung m\u00f6glich. Danach behalten wir uns das Recht vor, Ihnen die angefallenen Kosten von 75,00 \u20ac Bewirtungspauschale pro Tag in Rechnung zu stellen.<\/p>\n<p>F\u00fcr kostenpflichtige Anmeldungen gilt: Erfolgt eine \u2013 wenn auch unverschuldete \u2013 Absage des Teilnehmers bis 30 Tage vor der Veranstaltung, so wird f\u00fcr die Stornierung eine Bearbeitungsgeb\u00fchr i.H.v. 20,00 \u20ac einbehalten. Nach diesem Zeitpunkt erfolgt keine R\u00fcckverg\u00fctung der Kongressgeb\u00fchr.<\/p>\n<\/div>\n<\/div>\n<\/div>\n<\/div>\n<\/div>\n<\/div>\n<\/div>\n<\/section>\n<p>[\/vc_column_text][\/vc_column][\/vc_row][vc_row disable_element=&#8220;yes&#8220;][vc_column][vc_empty_space][vc_column_text]<\/p>\n<section id=\"storno\" class=\"l-section wpb_row height_medium\">\n<div class=\"l-section-h i-cf\">\n<div class=\"g-cols vc_row via_flex valign_top type_default stacking_default\">\n<div class=\"vc_col-sm-12 wpb_column vc_column_container\">\n<div class=\"vc_column-inner\">\n<div class=\"wpb_wrapper\">\n<div class=\"w-separator size_medium with_line width_default thick_1 style_solid color_border align_center\">\n<div class=\"w-separator-h\"><\/div>\n<\/div>\n<div class=\"wpb_text_column\">\n<div class=\"wpb_wrapper\">\n<h2>Stornobedingungen<\/h2>\n<p>Die Kongressgeb\u00fchr f\u00e4llt mit der Anmeldung an und ist personengebunden.<\/p>\n<p>Bei einer Absage der Veranstaltung seitens des Veranstalters aus organisatorischen oder sonstigen Gr\u00fcnden (au\u00dfer bei h\u00f6herer Gewalt) werden bezahlte Geb\u00fchren voll erstattet.<\/p>\n<p>Erfolgt eine \u2013 wenn auch unverschuldete \u2013 Absage des Teilnehmers bis 30 Tage vor der Veranstaltung, so wird f\u00fcr die Stornierung eine Bearbeitungsgeb\u00fchr i.H.v. 20,00 \u20ac einbehalten. Nach diesem Zeitpunkt erfolgt keine R\u00fcckverg\u00fctung der Kongressgeb\u00fchr.<\/p>\n<p>Der Veranstalter beh\u00e4lt sich Programm\u00e4nderungen vor.<\/p>\n<\/div>\n<\/div>\n<\/div>\n<\/div>\n<\/div>\n<\/div>\n<\/div>\n<\/section>\n<p>[\/vc_column_text][\/vc_column][\/vc_row]<\/p>\n","protected":false},"excerpt":{"rendered":"<p>[vc_row][vc_column][vc_empty_space height=&#8220;24px&#8220;][vc_column_text] Kongressgeb\u00fchren [\/vc_column_text][vc_column_text] Veranstaltungsort: Holiday Inn Munich-City Centre Hochstr. 3 81669 M\u00fcnchen [\/vc_column_text][vc_empty_space height=&#8220;24px&#8220;][vc_separator][\/vc_column][\/vc_row][vc_row][vc_column width=&#8220;1\/2&#8243;][vc_empty_space][vc_column_text] Fr\u00fchbucherrabatt bis 30.09.2026 Die Tickets sind bis 30.09.2026\u00a0kostenfrei. Ab&hellip;<\/p>\n<p><a href=\"https:\/\/inneremedizin-fachuebergreifend.de\/muenchen\/anmeldung\/\" class=\"read-more-link\"><span class=\"read-more-icon\"><\/span>Read more<\/a><\/p>\n","protected":false},"author":2,"featured_media":0,"parent":0,"menu_order":0,"comment_status":"closed","ping_status":"closed","template":"","meta":{"footnotes":""},"class_list":["post-2996","page","type-page","status-publish","hentry"],"_links":{"self":[{"href":"https:\/\/inneremedizin-fachuebergreifend.de\/muenchen\/wp-json\/wp\/v2\/pages\/2996","targetHints":{"allow":["GET"]}}],"collection":[{"href":"https:\/\/inneremedizin-fachuebergreifend.de\/muenchen\/wp-json\/wp\/v2\/pages"}],"about":[{"href":"https:\/\/inneremedizin-fachuebergreifend.de\/muenchen\/wp-json\/wp\/v2\/types\/page"}],"author":[{"embeddable":true,"href":"https:\/\/inneremedizin-fachuebergreifend.de\/muenchen\/wp-json\/wp\/v2\/users\/2"}],"replies":[{"embeddable":true,"href":"https:\/\/inneremedizin-fachuebergreifend.de\/muenchen\/wp-json\/wp\/v2\/comments?post=2996"}],"version-history":[{"count":82,"href":"https:\/\/inneremedizin-fachuebergreifend.de\/muenchen\/wp-json\/wp\/v2\/pages\/2996\/revisions"}],"predecessor-version":[{"id":5068,"href":"https:\/\/inneremedizin-fachuebergreifend.de\/muenchen\/wp-json\/wp\/v2\/pages\/2996\/revisions\/5068"}],"wp:attachment":[{"href":"https:\/\/inneremedizin-fachuebergreifend.de\/muenchen\/wp-json\/wp\/v2\/media?parent=2996"}],"curies":[{"name":"wp","href":"https:\/\/api.w.org\/{rel}","templated":true}]}}