{"id":4654,"date":"2024-10-23T10:40:21","date_gmt":"2024-10-23T08:40:21","guid":{"rendered":"https:\/\/inneremedizin-fachuebergreifend.de\/muenchen\/?page_id=4654"},"modified":"2026-02-06T08:06:36","modified_gmt":"2026-02-06T07:06:36","slug":"freitag-2026","status":"publish","type":"page","link":"https:\/\/inneremedizin-fachuebergreifend.de\/muenchen\/freitag-2026\/","title":{"rendered":"Freitag 06.02.2026"},"content":{"rendered":"<p>[vc_row][vc_column][vc_btn title=&#8220;Programm zum Download&#8220; size=&#8220;lg&#8220; link=&#8220;url:https%3A%2F%2Finneremedizin-fachuebergreifend.de%2Fmuenchen%2Fwp-content%2Fuploads%2F2026%2F02%2FIMF_Programm0226DINA5_4c_final.pdf||target:%20_blank|&#8220;][vc_empty_space height=&#8220;64px&#8220;][\/vc_column][\/vc_row][vc_row][vc_column][om_reduce_space height=&#8220;2em&#8220;][om_agenda display_room=&#8220;&#8220; display_speakers=&#8220;&#8220;][om_agenda_day title=&#8220;Ballsaal&#8220;][om_agenda_item icon_fontawesome=&#8220;far fa-user-circle&#8220; featured=&#8220;yes&#8220; speaker_links=&#8220;&#8220; time=&#8220;08.40 &#8211; 08.45&#8243; room=&#8220;Room D&#8220; speaker_ids=&#8220;118&#8243; title=&#8220;Begr\u00fc\u00dfung und Er\u00f6ffnung&#8220;]durch die wissenschaftliche Leiterin <i>Prof. Dr. med. Petra-Maria Schumm-Draeger (M\u00fcnchen)<\/i>[\/om_agenda_item][\/om_agenda_day][\/om_agenda][om_agenda layout=&#8220;grid&#8220; display_room=&#8220;&#8220; display_speakers=&#8220;&#8220; columns=&#8220;2&#8243;][om_agenda_day title=&#8220;Ballsaal&#8220;][om_agenda_item icon_fontawesome=&#8220;far fa-user-circle&#8220; speaker_links=&#8220;&#8220; time=&#8220;08.45-10.15&#8243; speaker_ids=&#8220;118&#8243; title=&#8220;Session I &#8211; Multifaktorielle Therapie des Typ 2 Diabetes&#8220;]Vorsitz: Prof. Dr. med. Klaus Parhofer, M\u00fcnchen<\/p>\n<p>Kardio-renale Protektion: SGLT2-Inhibitoren und Inkretin-basierte Therapie: Update 2026<br \/>\n<i>Prof. Dr. med. Dirk M\u00fcller-Wieland, Aachen<\/i><\/p>\n<p>Kardiovaskul\u00e4re Pr\u00e4vention: Lebenszeitrisiko im Fokus<br \/>\n<i>Prof. Dr. med. Wolfgang Koenig, M\u00fcnchen<\/i><\/p>\n<p>Leitlinien, Lipidmanagement und LP (a): wo stehen wir?<br \/>\n<i>Prof. Dr. med. Klaus Parhofer, M\u00fcnchen<\/i><br \/>\n[\/om_agenda_item][\/om_agenda_day][om_agenda_day color=&#8220;om-accent-color-2&#8243; title=&#8220;Forum 6 + 7&#8243;][\/om_agenda_day][\/om_agenda][om_agenda][om_agenda_day color=&#8220;om-accent-color-3&#8243;][om_agenda_item icon_fontawesome=&#8220;fas fa-coffee&#8220; time=&#8220;10.15-10.30&#8243; title=&#8220;Pause&#8220;][\/om_agenda_item][\/om_agenda_day][\/om_agenda][\/vc_column][\/vc_row][vc_row][vc_column][om_reduce_space height=&#8220;2em&#8220;][om_agenda layout=&#8220;grid&#8220; display_room=&#8220;&#8220; display_speakers=&#8220;&#8220;][om_agenda_day title=&#8220;Ballsaal&#8220;][om_agenda_item icon_fontawesome=&#8220;far fa-user-circle&#8220; speaker_links=&#8220;&#8220; time=&#8220;10.30-12.00&#8243; speaker_ids=&#8220;118&#8243; title=&#8220;Session II \u2013 Arterielle Hypertonie, Hyperurik\u00e4mie und Schlafapnoe Syndrom bei Typ 2 Diabetes mellitus und Adipositas&#8220;]Vorsitz: <i>Prof. Dr. med. Frank Strutz, Wiesbaden<\/i><\/p>\n<p>Hyperurik\u00e4mie, noch immer untersch\u00e4tzte, schwere Risikokonstellation<br \/>\n<i>Prof. Dr. med. Monika Reu\u00df-Borst, Bad Bocklet<\/i><\/p>\n<p>Leitliniengerechte Therapie der arteriellen Hypertonie: Update 2026<br \/>\n<i>Prof. Dr. med. Frank Strutz, Wiesbaden<\/i><\/p>\n<p>Wie viel Risiko \u00fcbersehen wir im Schlaf \u2013 OSA bei Diabetes, mellitus und Adipositas<br \/>\n<i>Prof. Dr. med. Bernhard Weiss, M\u00fcnchen<\/i><br \/>\n[\/om_agenda_item][\/om_agenda_day][om_agenda_day color=&#8220;om-accent-color-2&#8243; title=&#8220;Forum 6 + 7&#8243;][om_agenda_item icon_fontawesome=&#8220;far fa-user-circle&#8220; speaker_links=&#8220;&#8220; time=&#8220;10.30-12.00&#8243; speaker_ids=&#8220;118&#8243; title=&#8220;Session III \u2013 Neue Aspekte des Typ 1 Diabetes: Sport, Fr\u00fcherkennung, Insulinresistenz und adjuvante Therapien&#8220;]Vorsitz: <i>PD Dr. med. Martin F\u00fcchtenbusch, M\u00fcnchen<\/i><\/p>\n<p>Neue Aspekte von Bewegung und Sport bei Diabetes 2026<br \/>\n<i>Dr. med. Stephan Kress, Landau<\/i><\/p>\n<p>Pr\u00e4vention beim Typ 1 Diabetes mellitus: Fr\u00fcherkennung und Intervention<br \/>\n<i>Prof. Dr. med. Michael Hummel, M\u00fcnchen<\/i><\/p>\n<p>Typ 1 Diabetes mellitus: Insulinresistenz und neue, adjuvante Therapien<br \/>\n<i>PD Dr. med. Martin F\u00fcchtenbusch, M\u00fcnchen<\/i>[\/om_agenda_item][\/om_agenda_day][om_agenda_day color=&#8220;om-accent-color-3&#8243; title=&#8220;Forum 8&#8243;][om_agenda_item icon_fontawesome=&#8220;far fa-newspaper&#8220; speaker_links=&#8220;&#8220; time=&#8220;11.00 &#8211; 12.45&#8243; speaker_ids=&#8220;118&#8243; title=&#8220;Pressekonferenz&#8220;]<b>Begr\u00fc\u00dfung<\/b><br \/>\n<i>Prof. Dr. med. Petra-Maria Schumm-Draeger, Wissenschaftliche Leitung DG 2026, \u00c4rztliche Direktorin ZIM F\u00fcnf H\u00f6fe, M\u00fcnchen<\/i><\/p>\n<p><b>Typ 2 Diabetes und kardiovaskul\u00e4re Erkrankungen<\/b><br \/>\n<i>Prof. Dr. med. Dirk M\u00fcller-Wieland, Medizinische Klinik I, Universit\u00e4tsklinikum der RWTH Aachen, Aachen<\/i><\/p>\n<p><b>Leben mit Diabetes Technologie: Ein Blick \u00fcber die Grenzen<\/b><br \/>\n<i>Apl. Prof. Dr. Bernhard Kulzer, Fachpsychologe Diabetes DDG, Diabetes-Klink Bad Mergentheim<\/i><\/p>\n<p><b>Herzschw\u00e4che neu gedacht<\/b><br \/>\n<i>Sofiya Matseyko, TUM M\u00fcnchen<\/i><\/p>\n<p><b>Diabetes und Knochenstoffwechsel<\/b><br \/>\n<i>Prof. Dr. med. Walter Fassbender, Z\u00fcrich<\/i><\/p>\n<p><b>Neue Aspekte bei Sport und Diabetes Update 2026<\/b><br \/>\n<i>Dr. med. Stephan Kress, Oberarzt der Med. Klinik I, Diabetes Zentrum, Vinzentius-Krankenhaus, Landau<\/i><\/p>\n<p><b>Einsamkeit verursacht seelisches Leid, Risikofaktor f\u00fcr T2D<\/b><br \/>\n<i>Prof. Dr. Karl-Heinz Ladwig, Klinik und Poliklinik f\u00fcr Psychosomatische Medizin und Psychotherapie, Klinikum Rechts der Isar, TUM M\u00fcnchen<\/i><\/p>\n<p><b>Typ 1 Diabetes \u2013 Insulinresistenz und neue adjuvante Therapien<\/b><br \/>\n<i>PD Dr. med. Martin F\u00fcchtenbusch, Diabetes Zentrum am Marienplatz, M\u00fcnchen<\/i><br \/>\n[\/om_agenda_item][\/om_agenda_day][\/om_agenda][om_agenda][om_agenda_day color=&#8220;om-accent-color-3&#8243;][om_agenda_item icon_fontawesome=&#8220;fas fa-coffee&#8220; time=&#8220;12.00-12.45&#8243; title=&#8220;Pause&#8220;][\/om_agenda_item][\/om_agenda_day][\/om_agenda][\/vc_column][vc_column][om_agenda layout=&#8220;grid&#8220; display_room=&#8220;&#8220; display_speakers=&#8220;&#8220; columns=&#8220;2&#8243;][om_agenda_day color=&#8220;om-accent-color-3&#8243; title=&#8220;Ballsaal&#8220;][om_agenda_item icon_fontawesome=&#8220;far fa-user-circle&#8220; speaker_links=&#8220;&#8220; time=&#8220;12.45-13.15&#8243; speaker_ids=&#8220;118&#8243; title=&#8220;Industriesymposium Sanofi-Aventis Deutschland GmbH&#8220;]<b>&#8222;Weiterentwicklung von Influenza-Impfstoffen: Schutz \u00fcber die Atemwege hinaus?\u201c<\/b><br \/>\nProf. Dr. med. Dirk M\u00fcller-Wieland, Aachen<\/p>\n<p>[\/om_agenda_item][om_agenda_item icon_fontawesome=&#8220;far fa-user-circle&#8220; speaker_links=&#8220;&#8220; time=&#8220;13.15-13.45&#8243; speaker_ids=&#8220;118&#8243; title=&#8220;Industriesymposium Sanofi-Aventis Deutschland GmbH&#8220;]<b>&#8222;Ein neues Kapitel in der Versorgung des T1D\u201c<\/b><br \/>\nDr. med. D\u00e9sir\u00e9e Dunstheimer, Universit\u00e4tsklinikum Augsburg, Leitende Ober\u00e4rztin Kinder- und Jugendmedizin und Leiterin des Augsburger Zentrums f\u00fcr Seltene Erkrankungen[\/om_agenda_item][om_agenda_item icon_fontawesome=&#8220;far fa-user-circle&#8220; speaker_links=&#8220;&#8220; time=&#8220;13.45-14.45&#8243; speaker_ids=&#8220;118&#8243; title=&#8220;Industriesymposium Abbott GmbH &#8211; Next Level Diabetes Care: Stressfaktoren und duales Monitoring im Blick&#8220;]<b>Von Stresshormonen bis Ketonkontrolle: Neue Ans\u00e4tze f\u00fcr optimiertes Management<\/b><br \/>\nPD Dr. med. Martin F\u00fcchtenbusch<br \/>\nProf. Dr. Bernhard Kulzer<\/p>\n<p>13:45 \u2013 13:50 Uhr<br \/>\n<b>Einf\u00fchrung und Anmoderation<\/b><br \/>\nPD. Dr. med. Martin F\u00fcchtenbusch<\/p>\n<p>13:50 \u2013 14:10 Uhr<br \/>\n<b>Diabetes, Stress und Cortisol: Was wissen wir und was sollten wir beachten?<\/b><br \/>\nProf. Dr. Bernhard Kulzer, Bad Mergentheim<\/p>\n<p>14:10 \u2013 14:30 Uhr<br \/>\n<b>Duales Glukose-Keton-Monitoring: Die n\u00e4chste Generation und Chancen f\u00fcr mehr<\/b> Therapiesicherheit<br \/>\nPD. Dr. med. Martin F\u00fcchtenbusch<br \/>\n14:30 \u2013 14:45 Uhr<\/p>\n<p><b>Abmoderation und Fragen<\/b><br \/>\nProf. Dr. Bernhard Kulzer, Bad Mergentheim[\/om_agenda_item][\/om_agenda_day][om_agenda_day color=&#8220;om-accent-color-3&#8243; title=&#8220;Forum 6 + 7&#8243;][om_agenda_item icon_fontawesome=&#8220;far fa-user-circle&#8220; speaker_links=&#8220;&#8220; time=&#8220;12.45-13.15&#8243; speaker_ids=&#8220;118&#8243; title=&#8220;<b>Industriesymposium NovoNordisk<\/b>&#8222;]<b>Mit Semaglutid einfach mehr erreichen<\/b><br \/>\n<i>Dr. med. Andreas Liebl, Bad Heilbrunn<\/i>[\/om_agenda_item][\/om_agenda_day][\/om_agenda][om_agenda][om_agenda_day color=&#8220;om-accent-color-3&#8243;][om_agenda_item icon_fontawesome=&#8220;fas fa-coffee&#8220; time=&#8220;14.45-15.00&#8243; title=&#8220;Pause&#8220;][\/om_agenda_item][\/om_agenda_day][\/om_agenda][\/vc_column][\/vc_row][vc_row][vc_column][om_reduce_space height=&#8220;2em&#8220;][om_agenda layout=&#8220;grid&#8220; display_room=&#8220;&#8220; display_speakers=&#8220;&#8220;][om_agenda_day title=&#8220;Ballsaal&#8220;][om_agenda_item icon_fontawesome=&#8220;far fa-user-circle&#8220; time=&#8220;15.00-16.30&#8243; room=&#8220;Room D&#8220; speaker_ids=&#8220;118&#8243; title=&#8220;Session IV \u2013 Diabetes mellitus: Technologie\/digitale Medizin und personalisierte Behandlung&#8220;]Vorsitz: <i>Prof. Dr. Bernhard Kulzer, Bad Mergentheim<\/i><\/p>\n<p>Leben mit Diabetestechnologie: Ein Blick \u00fcber die Grenzen<br \/>\n<i>Prof. Dr. Bernhard Kulzer, Bad Mergentheim<\/i><\/p>\n<p>Technologie Parade \u2013 Closed Loop f\u00fcr alle und wann?<br \/>\n<i>Prof. Dr. med. Reinhard Holl, Ulm<\/i><\/p>\n<p>[\/om_agenda_item][\/om_agenda_day][om_agenda_day color=&#8220;om-accent-color-2&#8243; title=&#8220;Forum 6 + 7&#8243;][om_agenda_item icon_fontawesome=&#8220;far fa-user-circle&#8220; time=&#8220;15.00-16.30&#8243; speaker_ids=&#8220;118&#8243; title=&#8220;Session V \u2013 Diabetes mellitus und Schnittstelle Gyn\u00e4kologie\/Urologie\/Gastroenterologie&#8220;]Vorsitz: <i>Dr. med. Cornelia Jaursch-Hancke, Wiesbaden<\/i><\/p>\n<p>Diabetes mellitus und urologische Malignome: Auswirkungen auf Pr\u00e4vention, Fr\u00fcherkennung und Prognose<br \/>\n<i>Prof. Dr. med. David Schilling, M\u00fcnchen<\/i><\/p>\n<p>MASLD \u2013 Update 2026<br \/>\n<i>Prof. Dr. med. Stephan Schmid, Regensburg<\/i><\/p>\n<p>Hormontherapie in der Menopause<br \/>\n<i>Dr. med. Cornelia Jaursch-Hancke, Wiesbaden<\/i>[\/om_agenda_item][\/om_agenda_day][\/om_agenda][om_agenda][om_agenda_day color=&#8220;om-accent-color-3&#8243;][om_agenda_item icon_fontawesome=&#8220;fas fa-coffee&#8220; time=&#8220;16.30-16.45&#8243; title=&#8220;Pause&#8220;][\/om_agenda_item][\/om_agenda_day][\/om_agenda][\/vc_column][\/vc_row][vc_row][vc_column][om_reduce_space height=&#8220;2em&#8220;][om_agenda layout=&#8220;grid&#8220; display_room=&#8220;&#8220; display_speakers=&#8220;&#8220;][om_agenda_day title=&#8220;Ballsaal&#8220;][om_agenda_item icon_fontawesome=&#8220;far fa-user-circle&#8220; time=&#8220;16.45-18.15&#8243; room=&#8220;Room D&#8220; speaker_ids=&#8220;118&#8243; title=&#8220;Session VI \u2013 Interdisziplin\u00e4res Management bei Typ 2 Diabetes mellitus und Adipositas: Neurodegenerative Erkrankungen, Depression und kognitive Funktionseinschr\u00e4nkungen&#8220;]Vorsitz: <i>Prof. Dr. med. Karl-Heinz Ladwig, M\u00fcnchen<\/i><\/p>\n<p>Interdisziplin\u00e4res Management bei Typ 2 Diabetes mellitus und Adipositas<br \/>\n<i>Angelika Deml, Regensburg<\/i><\/p>\n<p>It is all in the brain.<br \/>\nWie psycho-soziale Risikofaktoren an der Entstehung des T2DM beteiligt sind<br \/>\nImpact, Mechanismen und therapeutische Konsequenzen<br \/>\n<i>Prof. Dr. med. Karl-Heinz Ladwig, M\u00fcnchen<\/i><\/p>\n<p>[\/om_agenda_item][\/om_agenda_day][om_agenda_day color=&#8220;om-accent-color-2&#8243; title=&#8220;Forum 6 + 7&#8243;][om_agenda_item icon_fontawesome=&#8220;far fa-user-circle&#8220; time=&#8220;16.45-18.15&#8243; speaker_ids=&#8220;118&#8243; title=&#8220;Session VII \u2013 Diabetes als Nebenwirkung \u2013 immer h\u00e4ufigere Situation in der allt\u00e4glichen Praxis&#8220;]Vorsitz: <i>Prof. Dr. med. Erhard Siegel, Heidelberg<\/i><\/p>\n<p>Typ 1 Diabetes mellitus unter Checkpoint Inhibitoren Therapien \u2013 Was gilt es, bei onkologischen Patienten zu beachten?<br \/>\n<i>Prof. Dr. med. Erhard Siegel, Heidelberg<\/i><\/p>\n<p>Diabetes mellitus und Knochenstoffwechsel<br \/>\n<i>Prof. Dr. med. Walter Fassbender, Z\u00fcrich<\/i><\/p>\n<p>Diabetes mellitus bei endokrinologischen Erkrankungen<br \/>\n<i>Prof. Dr. med. J\u00f6rg Bojunga, M\u00fcnchen<\/i><br \/>\n[\/om_agenda_item][\/om_agenda_day][\/om_agenda][\/vc_column][\/vc_row]<\/p>\n","protected":false},"excerpt":{"rendered":"<p>[vc_row][vc_column][vc_btn title=&#8220;Programm zum Download&#8220; size=&#8220;lg&#8220; link=&#8220;url:https%3A%2F%2Finneremedizin-fachuebergreifend.de%2Fmuenchen%2Fwp-content%2Fuploads%2F2026%2F02%2FIMF_Programm0226DINA5_4c_final.pdf||target:%20_blank|&#8220;][vc_empty_space height=&#8220;64px&#8220;][\/vc_column][\/vc_row][vc_row][vc_column][om_reduce_space height=&#8220;2em&#8220;][om_agenda display_room=&#8220;&#8220; display_speakers=&#8220;&#8220;][om_agenda_day title=&#8220;Ballsaal&#8220;][om_agenda_item icon_fontawesome=&#8220;far fa-user-circle&#8220; featured=&#8220;yes&#8220; speaker_links=&#8220;&#8220; time=&#8220;08.40 &#8211; 08.45&#8243; room=&#8220;Room D&#8220; speaker_ids=&#8220;118&#8243; title=&#8220;Begr\u00fc\u00dfung und Er\u00f6ffnung&#8220;]durch die&hellip;<\/p>\n<p><a href=\"https:\/\/inneremedizin-fachuebergreifend.de\/muenchen\/freitag-2026\/\" class=\"read-more-link\"><span class=\"read-more-icon\"><\/span>Read more<\/a><\/p>\n","protected":false},"author":11,"featured_media":0,"parent":0,"menu_order":0,"comment_status":"closed","ping_status":"closed","template":"","meta":{"footnotes":""},"class_list":["post-4654","page","type-page","status-publish","hentry"],"_links":{"self":[{"href":"https:\/\/inneremedizin-fachuebergreifend.de\/muenchen\/wp-json\/wp\/v2\/pages\/4654","targetHints":{"allow":["GET"]}}],"collection":[{"href":"https:\/\/inneremedizin-fachuebergreifend.de\/muenchen\/wp-json\/wp\/v2\/pages"}],"about":[{"href":"https:\/\/inneremedizin-fachuebergreifend.de\/muenchen\/wp-json\/wp\/v2\/types\/page"}],"author":[{"embeddable":true,"href":"https:\/\/inneremedizin-fachuebergreifend.de\/muenchen\/wp-json\/wp\/v2\/users\/11"}],"replies":[{"embeddable":true,"href":"https:\/\/inneremedizin-fachuebergreifend.de\/muenchen\/wp-json\/wp\/v2\/comments?post=4654"}],"version-history":[{"count":85,"href":"https:\/\/inneremedizin-fachuebergreifend.de\/muenchen\/wp-json\/wp\/v2\/pages\/4654\/revisions"}],"predecessor-version":[{"id":5052,"href":"https:\/\/inneremedizin-fachuebergreifend.de\/muenchen\/wp-json\/wp\/v2\/pages\/4654\/revisions\/5052"}],"wp:attachment":[{"href":"https:\/\/inneremedizin-fachuebergreifend.de\/muenchen\/wp-json\/wp\/v2\/media?parent=4654"}],"curies":[{"name":"wp","href":"https:\/\/api.w.org\/{rel}","templated":true}]}}