{"id":896,"date":"2019-05-02T17:52:40","date_gmt":"2019-05-02T15:52:40","guid":{"rendered":"https:\/\/inneremedizin-fachuebergreifend.de\/muenchen\/?page_id=896"},"modified":"2022-01-21T09:06:07","modified_gmt":"2022-01-21T08:06:07","slug":"datenschutz","status":"publish","type":"page","link":"https:\/\/inneremedizin-fachuebergreifend.de\/muenchen\/datenschutz\/","title":{"rendered":"Datenschutz"},"content":{"rendered":"<p>[vc_row][vc_column width=&#8220;5\/6&#8243;][vc_column_text]Verantwortliche Stelle im Sinne der Datenschutzgesetze, insbesondere der EU-Datenschutzgrundverordnung (DSGVO), ist:<\/p>\n<p>diaplan<br \/>\nGesellschaft f\u00fcr Dialog-Marketing mbH<br \/>\nAlte Ziegelei 2 \u2013 4<br \/>\n51491 Overath<\/p>\n<h2>Ihre Betroffenenrechte<\/h2>\n<p>Ihre Betroffenenrechte<br \/>\nUnter den angegebenen Kontaktdaten unseres Datenschutzbeauftragten k\u00f6nnen Sie jederzeit folgende Rechte aus\u00fcben:<br \/>\n\u2022 Auskunft \u00fcber Ihre bei uns gespeicherten Daten und deren Verarbeitung (Art. 15 DSGVO),<br \/>\n\u2022 Berichtigung unrichtiger personenbezogener Daten (Art. 16 DSGVO),<br \/>\n\u2022 L\u00f6schung Ihrer bei uns gespeicherten Daten (Art. 17 DSGVO),<br \/>\n\u2022 Einschr\u00e4nkung der Datenverarbeitung, sofern wir Ihre Daten aufgrund gesetzlicher Pflichten noch nicht l\u00f6schen d\u00fcrfen (Art. 18 DSGVO),<br \/>\n\u2022 Widerspruch gegen die Verarbeitung Ihrer Daten bei uns (Art. 21 DSGVO) und<br \/>\n\u2022 Daten\u00fcbertragbarkeit, sofern Sie in die Datenverarbeitung eingewilligt haben oder einen Vertrag mit uns abgeschlossen haben (Art. 20 DSGVO).<br \/>\nSofern Sie uns eine Einwilligung erteilt haben, k\u00f6nnen Sie diese jederzeit mit Wirkung f\u00fcr die Zukunft widerrufen.<br \/>\nSie k\u00f6nnen sich jederzeit mit einer Beschwerde an eine Aufsichtsbeh\u00f6rde wenden, z. B. an die zust\u00e4ndige Aufsichtsbeh\u00f6rde des Bundeslands Ihres Wohnsitzes oder an die f\u00fcr uns als verantwortliche Stelle zust\u00e4ndige Beh\u00f6rde.<br \/>\nEine Liste der Aufsichtsbeh\u00f6rden (f\u00fcr den nicht \u00f6ffentlichen Bereich) mit Anschrift finden Sie unter: https:\/\/www.bfdi.bund.de\/DE\/Infothek\/Anschriften_Links\/anschriften_links-node.html.html.<\/p>\n<h2>Erfassung allgemeiner Informationen beim Besuch unserer Website<\/h2>\n<h3>Art und Zweck der Verarbeitung:<\/h3>\n<p>Wenn Sie auf unsere Website www.diaplan.de zugreifen, d.h., wenn Sie nicht anderweitig Informationen \u00fcbermitteln, werden automatisch Informationen allgemeiner Natur erfasst. Diese Informationen (Server-Logfiles) beinhalten etwa die Art des Webbrowsers, das verwendete Betriebssystem, den Domainnamen Ihres Internet-Service-Providers, Ihre IP-Adresse und \u00e4hnliches.<br \/>\nSie werden insbesondere zu folgenden Zwecken verarbeitet:<br \/>\n\u2022 Sicherstellung eines problemlosen Verbindungsaufbaus der Website,<br \/>\n\u2022 Sicherstellung einer reibungslosen Nutzung unserer Website,<br \/>\n\u2022 Auswertung der Systemsicherheit und -stabilit\u00e4t sowie<br \/>\n\u2022 zu weiteren administrativen Zwecken.<br \/>\nWir verwenden Ihre Daten nicht, um R\u00fcckschl\u00fcsse auf Ihre Person zu ziehen. Informationen dieser Art werden von uns ggfs. statistisch ausgewertet, um unseren Internetauftritt und die dahinterstehende Technik zu optimieren.<\/p>\n<h3>Rechtsgrundlage:<\/h3>\n<p>Die Verarbeitung erfolgt gem\u00e4\u00df Art. 6 Abs. 1 lit. f DSGVO auf Basis unseres berechtigten Interesses an der Verbesserung der Stabilit\u00e4t und Funktionalit\u00e4t unserer Website.<\/p>\n<h3>Empf\u00e4nger:<\/h3>\n<p>Empf\u00e4nger der Daten sind ggf. technische Dienstleister, die f\u00fcr den Betrieb und die Wartung unserer Webseite als Auftragsverarbeiter t\u00e4tig werden.<\/p>\n<h3>Speicherdauer:<\/h3>\n<p>Die Daten werden gel\u00f6scht, sobald diese f\u00fcr den Zweck der Erhebung nicht mehr erforderlich sind. Dies ist f\u00fcr die Daten, die der Bereitstellung der Webseite dienen, grunds\u00e4tzlich der Fall, wenn die jeweilige Sitzung beendet ist.<\/p>\n<h3>Bei der Nutzung des Buttons \u201eAnmeldeformular\u201c<\/h3>\n<p>Bei der Nutzung unseres Anmeldeformulars auf unserer Website werden f\u00fcr die Anmeldung zu Veranstaltungen zus\u00e4tzlich verschiedene Daten abgefragt damit wir Ihre Anmeldung bearbeiten k\u00f6nnen. Diese Informationen werden bis zum Abschluss der Veranstaltung, f\u00fcr welche Sie angemeldet sind, gespeichert. Folgende Informationen werden dabei ben\u00f6tigt:<br \/>\n\u2022 Veranstaltung<br \/>\n\u2022 Name, Vorname<br \/>\n\u2022 Adresse (Stra\u00dfe, Hausnummer, PLZ, Ort)<br \/>\n\u2022 E-Mail-Adresse<br \/>\n\u2022 Information \u00fcber die Datenverarbeitung zur Bearbeitung der Anmeldung<\/p>\n<p>Innerhalb unseres Veranstaltungsangebotes werden Funktionen und Inhalte des Dienstes pretix, angeboten durch rami.io GmbH, Berthold-Mogel-Stra\u00dfe 1, 69126 Heidelberg, Deutschland, eingebunden. Hierzu geh\u00f6rt der Ticketshop, welcher \u00fcber ein JavaScript-Widget eingebunden ist. Wenn Sie ein Ticket kaufen, nutzt pretix ein technisch notwendiges Cookie, um den Bestellablauf zu erm\u00f6glichen und sich zu merken, welcher Warenkorb zu Ihnen geh\u00f6rt. Das Cookie wird gesetzt, sobald Sie mit dem Widget interagieren. pretix speichert keine IP-Adressen, Browser-Informationen oder andere unn\u00f6tige Metadaten \u00fcber die Dauer Ihrer Anfrage hinaus. Weitere Infos zu Datenschutz bei pretix finden Sie hier: https:\/\/pretix.eu\/about\/de\/privacy<\/p>\n<h3>Weitere Angaben und Einwilligungen sind freiwillig.<\/h3>\n<p>Die genannten Daten werden durch uns zu folgenden Zwecken verarbeitet:<br \/>\n\u2022 zur Bearbeitung der Anmeldung<br \/>\n\u2022 soweit Ihre Einwilligung besteht, zur Information \u00fcber weitere Veranstaltungen.<br \/>\nDie Rechtsgrundlage f\u00fcr die Datenverarbeitung ist Art. 6 Abs. 1 S. 1 lit. b DSGVO.<\/p>\n<h2>Cookies<\/h2>\n<p>Wir setzen auf unserer Seite Cookies ein. Hierbei handelt es sich um kleine Dateien, die Ihr Browser automatisch erstellt und die auf Ihrem Endger\u00e4t (Laptop, Tablet, Smartphone o.\u00e4.) gespeichert werden, wenn Sie unsere Seite besuchen. Cookies richten auf Ihrem Endger\u00e4t keinen Schaden an, enthalten keine Viren, Trojaner oder sonstige Schadsoftware. In dem Cookie werden Informationen abgelegt, die sich jeweils im Zusammenhang mit dem spezifisch eingesetzten Endger\u00e4t ergeben. Dies bedeutet jedoch nicht, dass wir dadurch unmittelbar Kenntnis von Ihrer Identit\u00e4t erhalten. Der Einsatz von Cookies dient einerseits dazu, die Nutzung unseres Angebots f\u00fcr Sie angenehmer zu gestalten. So setzen wir sogenannte Session-Cookies ein, um zu erkennen, dass Sie einzelne Seiten unserer Website bereits besucht haben. Diese werden nach Verlassen unserer Seite automatisch gel\u00f6scht.<br \/>\nDar\u00fcber hinaus setzen wir ebenfalls zur Optimierung der Benutzerfreundlichkeit tempor\u00e4re Cookies ein, die f\u00fcr einen bestimmten festgelegten Zeitraum auf Ihrem Endger\u00e4t gespeichert<br \/>\nwerden. Besuchen Sie unsere Seite erneut, um unsere Dienste in Anspruch zu nehmen, wird automatisch erkannt, dass Sie bereits bei uns waren und welche Eingaben und Einstellungen sie get\u00e4tigt haben, um diese nicht noch einmal eingeben zu m\u00fcssen. Zum anderen setzen wir Cookies ein, um die Nutzung unserer Website statistisch zu erfassen und zum Zwecke der Optimierung unseres Angebotes f\u00fcr Sie auszuwerten. Diese Cookies erm\u00f6glichen es uns, bei einem erneuten Besuch unserer Seite automatisch zu erkennen, dass Sie bereits bei uns waren. Diese Cookies werden nach einer jeweils definierten Zeit automatisch gel\u00f6scht.<br \/>\nDie durch Cookies verarbeiteten Daten sind f\u00fcr die genannten Zwecke zur Wahrung unserer berechtigten Interessen sowie der Dritter nach Art. 6 Abs. 1 S. 1 lit. f DSGVO erforderlich.<br \/>\nDie meisten Browser akzeptieren Cookies automatisch. Sie k\u00f6nnen Ihren Browser jedoch so konfigurieren, dass keine Cookies auf Ihrem Computer gespeichert werden oder stets ein Hinweis erscheint, bevor ein neuer Cookie angelegt wird. Die vollst\u00e4ndige Deaktivierung von Cookies kann jedoch dazu f\u00fchren, dass Sie nicht alle Funktionen unserer Website nutzen k\u00f6nnen.<\/p>\n<h2>Google Maps<\/h2>\n<p>Diese Seite nutzt \u00fcber eine API den Kartendienst Google Maps. Anbieter ist die Google Inc., 1600 Amphitheatre Parkway, Mountain View, CA 94043, USA.<br \/>\nZur Nutzung der Funktionen von Google Maps ist es notwendig, Ihre IP-Adresse zu speichern. Diese Informationen werden in der Regel nicht anonymisiert an einen Server von Google in den USA \u00fcbertragen und dort gespeichert.<br \/>\nDie Nutzung von Google Maps erfolgt im Interesse einer ansprechenden Darstellung unserer Online-Angebote und an einer leichten Auffindbarkeit der von uns auf der Webseite angegebenen Orte. Dies stellt ein berechtigtes Interesse im Sinne von Art. 6 Abs. 1 lit. f DSGVO dar.<br \/>\nMehr Informationen zum Umgang mit Nutzerdaten finden Sie in der Datenschutzerkl\u00e4rung von Google: www.google.de\/intl\/de\/policies\/privacy\/.<\/p>\n<h2>SSL-Verschl\u00fcsselung<\/h2>\n<p>Wir verwenden innerhalb des Website-Besuchs das verbreitete SSL-Verfahren (Secure Socket Layer) in Verbindung mit der jeweils h\u00f6chsten Verschl\u00fcsselungsstufe, die von Ihrem Browser unterst\u00fctzt wird. In der Regel handelt es sich dabei um eine 256-Bit Verschl\u00fcsselung. Falls Ihr Browser keine 256-Bit Verschl\u00fcsselung unterst\u00fctzt, greifen wir stattdessen auf 128-Bit v3 Technologie zur\u00fcck. Ob eine einzelne Seite unseres Internetauftrittes verschl\u00fcsselt \u00fcbertragen wird, erkennen Sie an der geschlossenen Darstellung des Sch\u00fcssel- beziehungsweise Schloss-Symbols in der unteren Statusleiste Ihres Browsers. Wir bedienen uns im \u00dcbrigen geeigneter technischer und organisatorischer Sicherheitsma\u00dfnahmen, um Ihre Daten gegen zuf\u00e4llige oder vors\u00e4tzliche Manipulationen, teilweisen oder vollst\u00e4ndigen Verlust, Zerst\u00f6rung oder gegen den unbefugten Zugriff Dritter zu sch\u00fctzen. Unsere Sicherheitsma\u00dfnahmen werden entsprechend der technologischen Entwicklung fortlaufend verbessert.<\/p>\n<h2>Eingesetzte Auftragsverarbeiter<\/h2>\n<p>Folgende Organisationen, Unternehmen bzw. Personen wurden vom Betreiber dieser Website mit der Verarbeitung von Daten beauftragt:<br \/>\nTeamnet<\/p>\n<h2>\u00c4nderung unserer Datenschutzbestimmungen<\/h2>\n<p>Diese Datenschutzerkl\u00e4rung ist aktuell g\u00fcltig und hat den Stand August 2019. Durch die Weiterentwicklung unserer Website und Angebote dar\u00fcber oder aufgrund ge\u00e4nderter gesetzlicher beziehungsweise beh\u00f6rdlicher Vorgaben kann es notwendig werden, diese Datenschutzerkl\u00e4rung zu \u00e4ndern. Die jeweils aktuelle Datenschutzerkl\u00e4rung kann jederzeit auf der Website unter <a href=\"https:\/\/inneremedizin-fachuebergreifend.de\/datenschutz\/\">https:\/\/inneremedizin-fachuebergreifend.de\/datenschutz\/<\/a> von Ihnen abgerufen und ausgedruckt werden.<\/p>\n<h2>Fragen an den Datenschutzbeauftragten<\/h2>\n<p>Wenn Sie Fragen zum Datenschutz haben, schreiben Sie uns bitte eine E-Mail oder wenden Sie sich direkt an die f\u00fcr den Datenschutz verantwortliche Person in unserer Organisation:<br \/>\nAndrea Triebel<br \/>\n0 22 04 \/ 97 31-112<br \/>\na.triebel@diaplan.de[\/vc_column_text][\/vc_column][vc_column width=&#8220;1\/6&#8243;][\/vc_column][\/vc_row]<\/p>\n","protected":false},"excerpt":{"rendered":"<p>[vc_row][vc_column width=&#8220;5\/6&#8243;][vc_column_text]Verantwortliche Stelle im Sinne der Datenschutzgesetze, insbesondere der EU-Datenschutzgrundverordnung (DSGVO), ist: diaplan Gesellschaft f\u00fcr Dialog-Marketing mbH Alte Ziegelei 2 \u2013 4 51491 Overath Ihre&hellip;<\/p>\n<p><a href=\"https:\/\/inneremedizin-fachuebergreifend.de\/muenchen\/datenschutz\/\" class=\"read-more-link\"><span class=\"read-more-icon\"><\/span>Read more<\/a><\/p>\n","protected":false},"author":1,"featured_media":0,"parent":0,"menu_order":0,"comment_status":"closed","ping_status":"closed","template":"","meta":{"footnotes":""},"class_list":["post-896","page","type-page","status-publish","hentry"],"_links":{"self":[{"href":"https:\/\/inneremedizin-fachuebergreifend.de\/muenchen\/wp-json\/wp\/v2\/pages\/896","targetHints":{"allow":["GET"]}}],"collection":[{"href":"https:\/\/inneremedizin-fachuebergreifend.de\/muenchen\/wp-json\/wp\/v2\/pages"}],"about":[{"href":"https:\/\/inneremedizin-fachuebergreifend.de\/muenchen\/wp-json\/wp\/v2\/types\/page"}],"author":[{"embeddable":true,"href":"https:\/\/inneremedizin-fachuebergreifend.de\/muenchen\/wp-json\/wp\/v2\/users\/1"}],"replies":[{"embeddable":true,"href":"https:\/\/inneremedizin-fachuebergreifend.de\/muenchen\/wp-json\/wp\/v2\/comments?post=896"}],"version-history":[{"count":5,"href":"https:\/\/inneremedizin-fachuebergreifend.de\/muenchen\/wp-json\/wp\/v2\/pages\/896\/revisions"}],"predecessor-version":[{"id":3014,"href":"https:\/\/inneremedizin-fachuebergreifend.de\/muenchen\/wp-json\/wp\/v2\/pages\/896\/revisions\/3014"}],"wp:attachment":[{"href":"https:\/\/inneremedizin-fachuebergreifend.de\/muenchen\/wp-json\/wp\/v2\/media?parent=896"}],"curies":[{"name":"wp","href":"https:\/\/api.w.org\/{rel}","templated":true}]}}